{"id":29,"date":"2018-05-15T19:58:19","date_gmt":"2018-05-15T19:58:19","guid":{"rendered":"http:\/\/boardinghouse-ratingen.com\/?page_id=29"},"modified":"2025-05-02T06:34:32","modified_gmt":"2025-05-02T06:34:32","slug":"start","status":"publish","type":"page","link":"https:\/\/boardinghouse-ratingen.com\/","title":{"rendered":"Boardinghouse Ratingen"},"content":{"rendered":"\n<div class=\"wp-block-media-text is-stacked-on-mobile is-vertically-aligned-top\" style=\"grid-template-columns:46% auto\"><figure class=\"wp-block-media-text__media\"><img loading=\"lazy\" decoding=\"async\" width=\"640\" height=\"430\" src=\"https:\/\/boardinghouse-ratingen.com\/wp-content\/uploads\/2018\/05\/MG_6204_Boarding.jpg\" alt=\"\" class=\"wp-image-43 size-full\" srcset=\"https:\/\/boardinghouse-ratingen.com\/wp-content\/uploads\/2018\/05\/MG_6204_Boarding.jpg 640w, https:\/\/boardinghouse-ratingen.com\/wp-content\/uploads\/2018\/05\/MG_6204_Boarding-300x202.jpg 300w\" sizes=\"(max-width: 640px) 100vw, 640px\" \/><\/figure><div class=\"wp-block-media-text__content\">\n<div class=\"wp-block-group is-vertical is-layout-flex wp-container-core-group-layout-1 wp-block-group-is-layout-flex\">\n<p><strong>Die Hotelalternative.<\/strong><\/p>\n\n\n\n<p class=\"has-text-align-left\"><span class=\"desktop\">Unser architektonisch moderner Neubau in bester Lage und mit k\u00fcrzesten Wegen <\/span><\/p>\n\n\n\n<p class=\"has-text-align-left\">&#8211; <span class=\"desktop\">zum D\u00fcsseldorfer Flughafen <\/span><\/p>\n\n\n\n<p class=\"has-text-align-left\">&#8211; <span class=\"desktop\">zur Messe <\/span><\/p>\n\n\n\n<p class=\"has-text-align-left\">&#8211; <span class=\"desktop\">zur S-Bahn <\/span><\/p>\n\n\n\n<p class=\"has-text-align-left\">&#8211; <span class=\"desktop\">und zu den Autobahnen A44, A3, A52<\/span><\/p>\n\n\n\n<p class=\"has-text-align-left\"><span class=\"desktop\">l\u00e4sst keine W\u00fcnsche offe<\/span>n.<\/p>\n<\/div>\n<\/div><\/div>\n\n\n\n<div class=\"wp-block-media-text has-media-on-the-right is-stacked-on-mobile is-vertically-aligned-center\" style=\"grid-template-columns:auto 54%\"><div class=\"wp-block-media-text__content\">\n<p>Unser Angebot richtet sich an Sie, wenn Sie&#8230;<\/p>\n<p>&#8230;aus beruflichen oder privaten Gr\u00fcnden eine zeitweilig voll ausgestatte Wohnung ben\u00f6tigen<\/p>\n\n\n\n<p>&#8230;.Hotels f\u00fcr l\u00e4ngere Aufenthalte nicht privat genug und zu teuer finden<\/p>\n\n\n\n<p>&#8230;.sich in guter und ruhiger Wohnlage wie zuhause f\u00fchlen wollen.<\/p>\n<\/div><figure class=\"wp-block-media-text__media\"><img loading=\"lazy\" decoding=\"async\" width=\"1024\" height=\"683\" src=\"https:\/\/boardinghouse-ratingen.com\/wp-content\/uploads\/2025\/05\/IMG_6595kom.jpg\" alt=\"\" class=\"wp-image-334 size-full\" srcset=\"https:\/\/boardinghouse-ratingen.com\/wp-content\/uploads\/2025\/05\/IMG_6595kom.jpg 1024w, https:\/\/boardinghouse-ratingen.com\/wp-content\/uploads\/2025\/05\/IMG_6595kom-300x200.jpg 300w, https:\/\/boardinghouse-ratingen.com\/wp-content\/uploads\/2025\/05\/IMG_6595kom-768x512.jpg 768w\" sizes=\"(max-width: 1024px) 100vw, 1024px\" \/><\/figure><\/div>\n\n\n\n<div class=\"wp-block-media-text is-stacked-on-mobile\" style=\"grid-template-columns:46% auto\"><figure class=\"wp-block-media-text__media\"><img loading=\"lazy\" decoding=\"async\" width=\"1024\" height=\"683\" src=\"https:\/\/boardinghouse-ratingen.com\/wp-content\/uploads\/2025\/05\/IMG_6585kom-1024x683.jpg\" alt=\"\" class=\"wp-image-335 size-full\" srcset=\"https:\/\/boardinghouse-ratingen.com\/wp-content\/uploads\/2025\/05\/IMG_6585kom-1024x683.jpg 1024w, https:\/\/boardinghouse-ratingen.com\/wp-content\/uploads\/2025\/05\/IMG_6585kom-300x200.jpg 300w, https:\/\/boardinghouse-ratingen.com\/wp-content\/uploads\/2025\/05\/IMG_6585kom-768x512.jpg 768w, https:\/\/boardinghouse-ratingen.com\/wp-content\/uploads\/2025\/05\/IMG_6585kom.jpg 1204w\" sizes=\"(max-width: 1024px) 100vw, 1024px\" \/><\/figure><div class=\"wp-block-media-text__content\">\n<p>Wir verf\u00fcgen \u00fcber 17 top ausgestattete Appartments mit moderner M\u00f6bilisierung und voll ausgestatteten Einbauk\u00fcchen, jeweils mit Balkon bzw. Terrasse und Gr\u00f6\u00dfen zwischen 25 und 52 m\u00b2 Wohnfl\u00e4che.<\/p>\n\n\n\n<p>Im Haus befindet sich ein Aufzug und ein Wasch- und Trockenraum, zus\u00e4tzlich werden Tiefgaragenpl\u00e4tze auf Wunsch zur Verf\u00fcgung gestellt.<\/p>\n\n\n\n<p><\/p>\n<\/div><\/div>\n\n\n\n<p><\/p>\n\n\n\n<p><strong>Zus\u00e4tzlich bieten wir noch drei Zweiraumwohnungen in unserer angrenzenden Dependance in gleicher Ausstattung mit Gr\u00f6\u00dfen zwischen 45 und 55 m\u00b2 an.<\/strong><\/p>\n\n\n\n<h3 class=\"wp-block-heading\">&nbsp;<\/h3>\n\n\n\n<h3 class=\"wp-block-heading\">&nbsp;&nbsp;<\/h3>\n\n\n\n<h3 class=\"wp-block-heading\">&nbsp;&nbsp;<\/h3>\n\n\n\n<p><br><\/p>\n","protected":false},"excerpt":{"rendered":"<p>Unser Angebot richtet sich an Sie, wenn Sie&#8230; &#8230;aus beruflichen oder privaten Gr\u00fcnden eine zeitweilig voll ausgestatte Wohnung ben\u00f6tigen &#8230;.Hotels<\/p>\n","protected":false},"author":1,"featured_media":0,"parent":0,"menu_order":0,"comment_status":"closed","ping_status":"closed","template":"","meta":{"footnotes":""},"_links":{"self":[{"href":"https:\/\/boardinghouse-ratingen.com\/index.php?rest_route=\/wp\/v2\/pages\/29"}],"collection":[{"href":"https:\/\/boardinghouse-ratingen.com\/index.php?rest_route=\/wp\/v2\/pages"}],"about":[{"href":"https:\/\/boardinghouse-ratingen.com\/index.php?rest_route=\/wp\/v2\/types\/page"}],"author":[{"embeddable":true,"href":"https:\/\/boardinghouse-ratingen.com\/index.php?rest_route=\/wp\/v2\/users\/1"}],"replies":[{"embeddable":true,"href":"https:\/\/boardinghouse-ratingen.com\/index.php?rest_route=%2Fwp%2Fv2%2Fcomments&post=29"}],"version-history":[{"count":62,"href":"https:\/\/boardinghouse-ratingen.com\/index.php?rest_route=\/wp\/v2\/pages\/29\/revisions"}],"predecessor-version":[{"id":337,"href":"https:\/\/boardinghouse-ratingen.com\/index.php?rest_route=\/wp\/v2\/pages\/29\/revisions\/337"}],"wp:attachment":[{"href":"https:\/\/boardinghouse-ratingen.com\/index.php?rest_route=%2Fwp%2Fv2%2Fmedia&parent=29"}],"curies":[{"name":"wp","href":"https:\/\/api.w.org\/{rel}","templated":true}]}}